{"id":2,"date":"2024-10-08T12:52:10","date_gmt":"2024-10-08T10:52:10","guid":{"rendered":"https:\/\/erzac.lukasz-dziedzic.com\/?page_id=2"},"modified":"2025-10-17T09:18:51","modified_gmt":"2025-10-17T07:18:51","slug":"przykladowa-strona-2","status":"publish","type":"page","link":"https:\/\/erzac.lukasz-dziedzic.com\/","title":{"rendered":"E R Z A C"},"content":{"rendered":"\r\n<p><span style=\"font-size: 34px;\"><em>Niepos\u0142usze\u0144stwo<\/em><\/span><\/p>\r\n<p><br \/>A R T Y \u015a C I\u00a0 \/\/\u00a0 A R T Y S T K I<br \/><span style=\"font-size: 22px;\">Anna <strong>Kutera<\/strong> \/\/ <br \/>Zuzanna <strong>Pelc \/\/<\/strong><br \/>Sandro <strong>Sulaberidze<\/strong> \/\/ <br \/>Irmina <strong>Rusicka \/\/<\/strong><\/span><\/p>\r\n<p>&nbsp;<\/p>\r\n<p>D A T A\u00a0 17-19.10.2024 <br \/>G O D Z I N A 12:00-15:00<\/p>\r\n<p><br \/>A D R E S<br \/><strong>Final Bowl Skatepark<\/strong><br \/>ul. Fabryczna 14C, Wroc\u0142aw<br \/><br \/>IG <a href=\"https:\/\/www.instagram.com\/erzac_project\" target=\"_blank\" rel=\"noopener\">@erzac_project<\/a><\/p>\r\n<p><br \/><span style=\"font-size: 13px;\">Wystawa w ramach Wroc\u0142aw Off Gallery Weekend 2025<\/span><\/p>\r\n<p>&nbsp;<\/p>\r\n<p><span style=\"font-weight: 400;\">\/\/\/<\/span><\/p>\r\n<p>&nbsp;<\/p>\r\n<p><span style=\"font-weight: 400;\">\/\/\/<\/span><\/p>\r\n<p>&nbsp;<\/p>\r\n","protected":false},"excerpt":{"rendered":"<p>Niepos\u0142usze\u0144stwo A R T Y \u015a C I\u00a0 \/\/\u00a0 A R T Y S T K IAnna Kutera \/\/ Zuzanna Pelc \/\/Sandro Sulaberidze \/\/ Irmina Rusicka \/\/ &nbsp; D A T A\u00a0 17-19.10.2024 G O D Z I N A 12:00-15:00 A D R E SFinal Bowl Skateparkul. Fabryczna 14C, Wroc\u0142aw IG @erzac_project Wystawa w [&hellip;]<\/p>\n","protected":false},"author":1,"featured_media":0,"parent":0,"menu_order":0,"comment_status":"closed","ping_status":"open","template":"","meta":{"footnotes":""},"class_list":["post-2","page","type-page","status-publish","hentry"],"_links":{"self":[{"href":"https:\/\/erzac.lukasz-dziedzic.com\/index.php?rest_route=\/wp\/v2\/pages\/2","targetHints":{"allow":["GET"]}}],"collection":[{"href":"https:\/\/erzac.lukasz-dziedzic.com\/index.php?rest_route=\/wp\/v2\/pages"}],"about":[{"href":"https:\/\/erzac.lukasz-dziedzic.com\/index.php?rest_route=\/wp\/v2\/types\/page"}],"author":[{"embeddable":true,"href":"https:\/\/erzac.lukasz-dziedzic.com\/index.php?rest_route=\/wp\/v2\/users\/1"}],"replies":[{"embeddable":true,"href":"https:\/\/erzac.lukasz-dziedzic.com\/index.php?rest_route=%2Fwp%2Fv2%2Fcomments&post=2"}],"version-history":[{"count":9,"href":"https:\/\/erzac.lukasz-dziedzic.com\/index.php?rest_route=\/wp\/v2\/pages\/2\/revisions"}],"predecessor-version":[{"id":28,"href":"https:\/\/erzac.lukasz-dziedzic.com\/index.php?rest_route=\/wp\/v2\/pages\/2\/revisions\/28"}],"wp:attachment":[{"href":"https:\/\/erzac.lukasz-dziedzic.com\/index.php?rest_route=%2Fwp%2Fv2%2Fmedia&parent=2"}],"curies":[{"name":"wp","href":"https:\/\/api.w.org\/{rel}","templated":true}]}}